{"id":1339,"date":"2025-09-22T07:17:37","date_gmt":"2025-09-22T07:17:37","guid":{"rendered":"https:\/\/marcoalbertovillodres.es\/propiedades\/"},"modified":"2025-12-17T02:31:27","modified_gmt":"2025-12-17T02:31:27","slug":"lifestyle","status":"publish","type":"page","link":"https:\/\/marcoalbertovillodres.es\/en\/lifestyle\/","title":{"rendered":"Lifestyle"},"content":{"rendered":"<section class=\"header_24_2 conimagen\" id=\"\"     style=\"background-image:url('https:\/\/marcoalbertovillodres.es\/wp-content\/uploads\/2025\/11\/pexels-miki-czetti-26377-111962-scaled.jpg);\"     aria-label=\"\" data-block-id=\"69e0ee86c91a469e0ee86c91a6\" data-block-name=\"acf\/header-24-2\" data-post-id=\"1339\" data-stable-id=\"block_84d80a05a2e24fb61c60abbe8155e01c\">\r\n    <div class=\"mask\"><\/div>\r\n        <div class=\"container\" data-aos=\"fade-up\">\r\n        <div class=\"row\">\r\n            <div class=\"col col-titulo \">\r\n                                                <h1 class=\"tamano1 color-2-headings-light\">Lifestyle<\/h1>\r\n                                \r\n                <div class=\"enlaces\">\r\n                    \r\n                                    <\/div>\r\n            <\/div>\r\n        <\/div>\r\n    <\/div>\r\n    <\/section>\r\n<style>\r\n    .header_24_2 {\r\n        padding-top: 185px;\r\n        position: relative;\r\n        padding-bottom: 63px;\r\n        min-height: 100vH;\r\n        display: flex;\r\n        flex-direction: column;\r\n        justify-content: end;\r\n        padding-bottom: 130px;\r\n        background-position: center;\r\n        background-repeat: no-repeat;\r\n        background-size: cover;\r\n    }\r\n\r\n    .header_24_2-center {\r\n        max-width: 1070px;\r\n        text-align: center;\r\n        margin: 0 auto;\r\n    }\r\n\r\n\r\n    .header_24_2 .enlaces {\r\n        display: inline-flex;\r\n        gap: 25px;\r\n        flex-wrap: wrap;\r\n    }\r\n\r\n    .header_24_2-center .enlaces {\r\n        justify-content: center;\r\n    }\r\n\r\n    .header_24_2 .mask {\r\n        background: rgba(18, 18, 18, 0.50);\r\n        top: 0;\r\n        left: 0;\r\n        width: 100%;\r\n        height: 100%;\r\n        position: absolute;\r\n    }\r\n\r\n    .header_24_2 {\r\n        height: 100vH;\r\n        position: relative;\r\n        overflow: hidden;\r\n    }\r\n\r\n    .header_24_2 .video-background {\r\n        background: #000;\r\n        position: absolute;\r\n        top: 0;\r\n        right: 0;\r\n        bottom: 0;\r\n        left: 0;\r\n        z-index: -99;\r\n    }\r\n\r\n    .header_24_2 .video-foreground,\r\n    .header_24_2 .video-background iframe {\r\n        position: absolute;\r\n        top: 0;\r\n        left: 0;\r\n        width: 100%;\r\n        height: 100%;\r\n        pointer-events: none;\r\n    }\r\n\r\n    .header_24_2 .bar {\r\n        position: absolute;\r\n        left: 50%;\r\n        width: 1px;\r\n        height: 75px;\r\n        bottom: 35px;\r\n    }\r\n\r\n    .header_24_2 .subtitulo {\r\n        padding-bottom: 20px;\r\n    }\r\n\r\n    .header_24_2 .texto * {\r\n        padding-bottom: 15px;\r\n    }\r\n\r\n    .header_24_2 .texto *:last-child {\r\n        padding-bottom: 0;\r\n    }\r\n\r\n    .header_24_2 .texto {\r\n        max-width: 896px;\r\n        padding-bottom: 35px;\r\n    }\r\n\r\n    .header_24_2-center .texto {\r\n        margin: 0 auto;\r\n    }\r\n\r\n    .header_24_2 .container {\r\n        position: relative;\r\n        z-index: 1;\r\n    }\r\n\r\n    .header_24_2 .btn-round {\r\n        border-radius: 60px;\r\n        padding: 12px 25px;\r\n        display: inline-block;\r\n        min-width: 175px;\r\n        text-align: center;\r\n        text-decoration: none;\r\n    }\r\n\r\n    .header_24_2 .btn-round.secundario {\r\n        background-color: var(--color-boton-3-hover);\r\n        color: var(--color-boton-3-texto-hover);\r\n    }\r\n\r\n    .header_24_2 .btn-round.secundario:hover {\r\n        background-color: var(--color-boton-3-normal);\r\n        color: var(--color-boton-3-texto-normal);\r\n    }\r\n\r\n    .header_24_2 h1 {\r\n        padding-bottom: 50px;\r\n        max-width: 1205px;\r\n    }\r\n\r\n    @media (min-aspect-ratio: 16\/9) {\r\n        .header_24_2 .video-foreground {\r\n            height: 300%;\r\n            top: -100%;\r\n        }\r\n    }\r\n\r\n    @media (max-aspect-ratio: 16\/9) {\r\n        .header_24_2 .video-foreground {\r\n            width: 300%;\r\n            left: -100%;\r\n        }\r\n    }\r\n\r\n    @media (max-width:992px) {\r\n        .header_24_2 .bar {\r\n            display: none;\r\n        }\r\n    }\r\n\r\n    @media (max-width:768px) {\r\n        .header_24_2 {\r\n            padding-top: 130px;\r\n        }\r\n\r\n        .header_24_2 h1 {\r\n            padding-bottom: 25px;\r\n            line-height: var(--tamano3-line-height);\r\n        }\r\n\r\n        .header_24_2 .texto {\r\n            padding-bottom: 20px;\r\n        }\r\n    }\r\n<\/style>\r\n\n\n<section class=\"services_16_1_1 background-1-light\" id=\"\" data-block-id=\"69e0ee86cea1e69e0ee86cea1f\" data-block-name=\"acf\/services-16-1-1\" data-post-id=\"1339\" data-stable-id=\"block_bb94a021bfd706935ce7640d2cdfdff4\">\r\n    <div class=\"container\">\r\n        <div class=\"row\">\r\n            <div class=\"col\">\r\n                                <h2 class=\"tamano2 color-1-headings-dark\" data-aos=\"fade-up\">\r\n                    COMMUNITIES                <\/h2>\r\n                            <\/div>\r\n        <\/div>\r\n                            <div class=\"row row-grande\">\r\n\r\n                <div class=\"col col-grande\">\r\n                                        <div class=\"servicio-item\" data-aos=\"fade-up\"\r\n                        aria-label=\"pexels-antony-bny-606991-1393828\"\r\n                        style=\"background-image:url('https:\/\/marcoalbertovillodres.es\/wp-content\/uploads\/2025\/11\/pexels-antony-bny-606991-1393828-scaled.jpg');\">\r\n                        <div class=\"mask\"><\/div>\r\n                        <div class=\"meta\">\r\n                                                        <h3 class=\"tamano4 boton-5-texto-normal\">\r\n                                Costa del Sol:                            <\/h3>\r\n                                                                                    <div class=\"texto tamano7 color-2-headings-light\">\r\n                                <p>M\u00e1laga, Benalm\u00e1dena, Mijas Costa, Marbella.<\/p>\n                            <\/div>\r\n                                                                                    <a class=\"btn-round tamano-7-mediumcta color-boton-3-texto-normal color-boton-3-texto-hover color-boton-3-normal color-boton-3-hover\"\r\n                                href=\"https:\/\/marcoalbertovillodres.es\/en\/costa-del-sol\/\" target=\"\">\r\n                                Costa del Sol                            <\/a>\r\n                                                    <\/div>\r\n                    <\/div>\r\n                <\/div>\r\n            <\/div>\r\n                                    <div class=\"row row-servicios\">\r\n                <div class=\"col col-servicios\">\r\n\r\n                                                                    <div class=\"servicio-item\" data-aos=\"fade-up\"\r\n                            style=\"background-image:url('https:\/\/marcoalbertovillodres.es\/wp-content\/uploads\/2025\/11\/pexels-gustavonovo-423932-scaled.jpg');\"\r\n                            aria-label=\"\">\r\n                            <div class=\"mask\"><\/div>\r\n                            <div class=\"meta\">\r\n                                                                <h3 class=\"tamano4 boton-5-texto-normal\">\r\n                                    Madrid:\u00a0                                <\/h3>\r\n                                                                                                <div class=\"texto tamano7 color-2-headings-light\">\r\n                                    <p>Salamanca, Chamber\u00ed\u2013Almagro, Retiro, Chamart\u00edn\u2013Nueva Espa\u00f1a.<\/p>\n                                <\/div>\r\n                                                                                                <a class=\"btn-round tamano-7-mediumcta color-boton-3-texto-normal color-boton-3-texto-hover color-boton-3-normal color-boton-3-hover\"\r\n                                    href=\"https:\/\/marcoalbertovillodres.es\/en\/madrid\/\" target=\"\">\r\n                                    Madrid                                <\/a>\r\n                                                            <\/div>\r\n                        <\/div>\r\n                                                <div class=\"servicio-item\" data-aos=\"fade-up\"\r\n                            style=\"background-image:url('https:\/\/marcoalbertovillodres.es\/wp-content\/uploads\/2025\/11\/pexels-jibarofoto-1500598-scaled.jpg');\"\r\n                            aria-label=\"\">\r\n                            <div class=\"mask\"><\/div>\r\n                            <div class=\"meta\">\r\n                                                                <h3 class=\"tamano4 boton-5-texto-normal\">\r\n                                    Northwest Madrid:                                <\/h3>\r\n                                                                                                <div class=\"texto tamano7 color-2-headings-light\">\r\n                                    <p>La Finca, Pozuelo, Boadilla, Las Lomas, private residential developments.<\/p>\n                                <\/div>\r\n                                                                                                <a class=\"btn-round tamano-7-mediumcta color-boton-3-texto-normal color-boton-3-texto-hover color-boton-3-normal color-boton-3-hover\"\r\n                                    href=\"https:\/\/marcoalbertovillodres.es\/en\/northwest-madrid\/\" target=\"\">\r\n                                    Northwest Madrid                                <\/a>\r\n                                                            <\/div>\r\n                        <\/div>\r\n                                                            <\/div>\r\n            <\/div>\r\n            <\/div>\r\n<\/section>\r\n<style>\r\n    .services_16_1_1 .btn-round {\r\n        border-radius: 60px;\r\n        padding: 12px 25px;\r\n        display: inline-block;\r\n        margin-top: 15px;\r\n        min-width: 175px;\r\n        text-align: center;\r\n\r\n        text-decoration: none;\r\n    }\r\n\r\n    .services_16_1_1 .servicio-item h3 {\r\n        padding-bottom: 15px;\r\n    }\r\n\r\n    .services_16_1_1 .col-servicios {\r\n        display: flex;\r\n        gap: 30px;\r\n        flex-wrap: wrap;\r\n        row-gap: 30px;\r\n    }\r\n\r\n    .services_16_1_1 .servicio-item .mask {\r\n        position: absolute;\r\n        background: rgba(18, 18, 18, 0.50);\r\n        top: 0;\r\n        left: 0;\r\n        width: 100%;\r\n        height: 100%;\r\n        border-radius: 3px;\r\n    }\r\n\r\n    .services_16_1_1 .servicio-item {\r\n        text-decoration: none;\r\n        position: relative;\r\n        width: calc(50% - 15px);\r\n        padding: 50px 35px;\r\n        height: 515px;\r\n        display: flex;\r\n        flex-direction: column;\r\n        justify-content: end;\r\n    }\r\n\r\n    .services_16_1_1 .col-grande .servicio-item .meta {\r\n        max-width: 975px;\r\n        position: relative;\r\n    }\r\n\r\n    .services_16_1_1 .servicio-item .meta {\r\n        position: relative;\r\n    }\r\n\r\n    .services_16_1_1 .col-grande .servicio-item {\r\n        width: 100%;\r\n        margin-bottom: 30px;\r\n        padding: 50px 35px;\r\n        height: 515px;\r\n        display: flex;\r\n        flex-direction: column;\r\n        justify-content: end;\r\n    }\r\n\r\n    .services_16_1_1 .servicio-item {\r\n        border-radius: 3px;\r\n        background-position: center;\r\n        background-repeat: no-repeat;\r\n        background-size: cover;\r\n    }\r\n\r\n    .services_16_1_1 h2 {\r\n        padding-bottom: 30px;\r\n        max-width: 585px;\r\n        margin: 0 auto;\r\n        text-align: center;\r\n    }\r\n\r\n    .services_16_1_1 .texto-top {\r\n        padding-bottom: 60px;\r\n        max-width: 585px;\r\n        margin: 0 auto;\r\n        text-align: center;\r\n    }\r\n\r\n    .services_16_1_1 {\r\n        padding: 80px 150px;\r\n    }\r\n\r\n    @media (max-width:1750px) {\r\n        .services_16_1_1 {\r\n            padding: 80px 50px;\r\n        }\r\n    }\r\n\r\n    @media (max-width:1550px) {\r\n        .services_16_1_1 {\r\n            padding: 80px 0;\r\n        }\r\n    }\r\n\r\n    @media (max-width:1200px) {\r\n        .services_16_1_1 .servicio-item {\r\n            width: calc(50% - 15px);\r\n        }\r\n\r\n        .services_16_1_1 .col-grande .servicio-item,\r\n        .services_16_1_1 .servicio-item {\r\n            height: 415px;\r\n        }\r\n    }\r\n\r\n    @media (max-width:992px) {\r\n\r\n        .services_16_1_1 .col-grande .servicio-item,\r\n        .services_16_1_1 .servicio-item {\r\n            height: 375px;\r\n        }\r\n\r\n        .services_16_1_1 .col-servicios {\r\n            row-gap: 30px;\r\n        }\r\n\r\n        .services_16_1_1 h2 {\r\n            padding-bottom: 20px;\r\n        }\r\n\r\n        .services_16_1_1 .texto-top {\r\n            padding-bottom: 35px;\r\n        }\r\n\r\n        .services_16_1_1 {\r\n            padding: 40px 0;\r\n        }\r\n    }\r\n\r\n    @media (max-width:768px) {\r\n\r\n        .services_16_1_1 .servicio-item {\r\n            width: 100%;\r\n            min-height: 375px;\r\n            height: auto;\r\n        }\r\n    }\r\n<\/style>\r\n\n\n\n<p><\/p>\n\n\n\n<p><\/p>\n","protected":false},"excerpt":{"rendered":"","protected":false},"author":1,"featured_media":0,"parent":0,"menu_order":32,"comment_status":"open","ping_status":"closed","template":"","meta":{"_acf_changed":false,"iawp_total_views":6,"footnotes":""},"class_list":["post-1339","page","type-page","status-publish","hentry"],"acf":[],"yoast_head":"<!-- This site is optimized with the Yoast SEO plugin v27.4 - https:\/\/yoast.com\/product\/yoast-seo-wordpress\/ -->\n<title>MARAT Investments: Excelencia en Inmuebles<\/title>\n<meta name=\"description\" content=\"Explora propiedades exclusivas en Espa\u00f1a con MARAT Investments. Vive la experiencia de lujo en cada transacci\u00f3n inmobiliaria. Cont\u00e1ctanos para m\u00e1s detalles.\" \/>\n<meta name=\"robots\" content=\"index, follow, max-snippet:-1, max-image-preview:large, max-video-preview:-1\" \/>\n<link rel=\"canonical\" href=\"https:\/\/marcoalbertovillodres.es\/en\/lifestyle\/\" \/>\n<meta property=\"og:locale\" content=\"en_US\" \/>\n<meta property=\"og:type\" content=\"article\" \/>\n<meta property=\"og:title\" content=\"MARAT Investments: Excelencia en Inmuebles\" \/>\n<meta property=\"og:description\" content=\"Explora propiedades exclusivas en Espa\u00f1a con MARAT Investments. Vive la experiencia de lujo en cada transacci\u00f3n inmobiliaria. Cont\u00e1ctanos para m\u00e1s detalles.\" \/>\n<meta property=\"og:url\" content=\"https:\/\/marcoalbertovillodres.es\/en\/lifestyle\/\" \/>\n<meta property=\"og:site_name\" content=\"Marco Alberto Villodres\" \/>\n<meta property=\"article:modified_time\" content=\"2025-12-17T02:31:27+00:00\" \/>\n<meta name=\"twitter:card\" content=\"summary_large_image\" \/>\n<!-- \/ Yoast SEO plugin. -->","yoast_head_json":{"title":"MARAT Investments: Excelencia en Inmuebles","description":"Explora propiedades exclusivas en Espa\u00f1a con MARAT Investments. Vive la experiencia de lujo en cada transacci\u00f3n inmobiliaria. Cont\u00e1ctanos para m\u00e1s detalles.","robots":{"index":"index","follow":"follow","max-snippet":"max-snippet:-1","max-image-preview":"max-image-preview:large","max-video-preview":"max-video-preview:-1"},"canonical":"https:\/\/marcoalbertovillodres.es\/en\/lifestyle\/","og_locale":"en_US","og_type":"article","og_title":"MARAT Investments: Excelencia en Inmuebles","og_description":"Explora propiedades exclusivas en Espa\u00f1a con MARAT Investments. Vive la experiencia de lujo en cada transacci\u00f3n inmobiliaria. Cont\u00e1ctanos para m\u00e1s detalles.","og_url":"https:\/\/marcoalbertovillodres.es\/en\/lifestyle\/","og_site_name":"Marco Alberto Villodres","article_modified_time":"2025-12-17T02:31:27+00:00","twitter_card":"summary_large_image","schema":{"@context":"https:\/\/schema.org","@graph":[{"@type":"WebPage","@id":"https:\/\/marcoalbertovillodres.es\/en\/lifestyle\/","url":"https:\/\/marcoalbertovillodres.es\/en\/lifestyle\/","name":"MARAT Investments: Excelencia en Inmuebles","isPartOf":{"@id":"https:\/\/marcoalbertovillodres.es\/en\/#website"},"datePublished":"2025-09-22T07:17:37+00:00","dateModified":"2025-12-17T02:31:27+00:00","description":"Explora propiedades exclusivas en Espa\u00f1a con MARAT Investments. Vive la experiencia de lujo en cada transacci\u00f3n inmobiliaria. Cont\u00e1ctanos para m\u00e1s detalles.","breadcrumb":{"@id":"https:\/\/marcoalbertovillodres.es\/en\/lifestyle\/#breadcrumb"},"inLanguage":"en-US","potentialAction":[{"@type":"ReadAction","target":["https:\/\/marcoalbertovillodres.es\/en\/lifestyle\/"]}]},{"@type":"BreadcrumbList","@id":"https:\/\/marcoalbertovillodres.es\/en\/lifestyle\/#breadcrumb","itemListElement":[{"@type":"ListItem","position":1,"name":"Portada","item":"https:\/\/marcoalbertovillodres.es\/en\/home\/"},{"@type":"ListItem","position":2,"name":"Lifestyle"}]},{"@type":"WebSite","@id":"https:\/\/marcoalbertovillodres.es\/en\/#website","url":"https:\/\/marcoalbertovillodres.es\/en\/","name":"Marco Alberto Villodres","description":"","publisher":{"@id":"https:\/\/marcoalbertovillodres.es\/en\/#organization"},"potentialAction":[{"@type":"SearchAction","target":{"@type":"EntryPoint","urlTemplate":"https:\/\/marcoalbertovillodres.es\/en\/?s={search_term_string}"},"query-input":{"@type":"PropertyValueSpecification","valueRequired":true,"valueName":"search_term_string"}}],"inLanguage":"en-US"},{"@type":"Organization","@id":"https:\/\/marcoalbertovillodres.es\/en\/#organization","name":"Marco Alberto Villodres","url":"https:\/\/marcoalbertovillodres.es\/en\/","logo":{"@type":"ImageObject","inLanguage":"en-US","@id":"https:\/\/marcoalbertovillodres.es\/en\/#\/schema\/logo\/image\/","url":"https:\/\/marcoalbertovillodres.es\/wp-content\/uploads\/2024\/09\/66f144a0ea495_2.png","contentUrl":"https:\/\/marcoalbertovillodres.es\/wp-content\/uploads\/2024\/09\/66f144a0ea495_2.png","width":1563,"height":1563,"caption":"Marco Alberto Villodres"},"image":{"@id":"https:\/\/marcoalbertovillodres.es\/en\/#\/schema\/logo\/image\/"}}]}},"_links":{"self":[{"href":"https:\/\/marcoalbertovillodres.es\/en\/wp-json\/wp\/v2\/pages\/1339","targetHints":{"allow":["GET"]}}],"collection":[{"href":"https:\/\/marcoalbertovillodres.es\/en\/wp-json\/wp\/v2\/pages"}],"about":[{"href":"https:\/\/marcoalbertovillodres.es\/en\/wp-json\/wp\/v2\/types\/page"}],"author":[{"embeddable":true,"href":"https:\/\/marcoalbertovillodres.es\/en\/wp-json\/wp\/v2\/users\/1"}],"replies":[{"embeddable":true,"href":"https:\/\/marcoalbertovillodres.es\/en\/wp-json\/wp\/v2\/comments?post=1339"}],"version-history":[{"count":6,"href":"https:\/\/marcoalbertovillodres.es\/en\/wp-json\/wp\/v2\/pages\/1339\/revisions"}],"predecessor-version":[{"id":1601,"href":"https:\/\/marcoalbertovillodres.es\/en\/wp-json\/wp\/v2\/pages\/1339\/revisions\/1601"}],"wp:attachment":[{"href":"https:\/\/marcoalbertovillodres.es\/en\/wp-json\/wp\/v2\/media?parent=1339"}],"curies":[{"name":"wp","href":"https:\/\/api.w.org\/{rel}","templated":true}]}}